{"id":1525,"date":"2012-07-15T18:42:24","date_gmt":"2012-07-15T16:42:24","guid":{"rendered":"http:\/\/www.lustandpain.com\/cnt\/?page_id=1525"},"modified":"2025-07-21T08:53:24","modified_gmt":"2025-07-21T06:53:24","slug":"faq","status":"publish","type":"page","link":"https:\/\/www.lustandpain.com\/cnt\/faq\/","title":{"rendered":"FAQ"},"content":{"rendered":"<p>[et_pb_section fb_built=&#8221;1&#8243; _builder_version=&#8221;4.16&#8243; _module_preset=&#8221;default&#8221; custom_padding=&#8221;0px|||||&#8221; locked=&#8221;off&#8221; global_colors_info=&#8221;{}&#8221;][et_pb_row _builder_version=&#8221;4.27.4&#8243; _module_preset=&#8221;default&#8221; custom_padding=&#8221;0px||50px||false|false&#8221; global_colors_info=&#8221;{}&#8221;][et_pb_column type=&#8221;4_4&#8243; _builder_version=&#8221;4.16&#8243; _module_preset=&#8221;default&#8221; global_colors_info=&#8221;{}&#8221;][et_pb_image src=&#8221;https:\/\/www.lustandpain.com\/cnt\/wp-content\/uploads\/2025\/07\/en.png&#8221; title_text=&#8221;en&#8221; align=&#8221;right&#8221; _builder_version=&#8221;4.27.4&#8243; _module_preset=&#8221;default&#8221; width=&#8221;6%&#8221; global_colors_info=&#8221;{}&#8221;][\/et_pb_image][et_pb_accordion _builder_version=&#8221;4.27.4&#8243; _module_preset=&#8221;default&#8221; body_font_size=&#8221;16px&#8221; locked=&#8221;off&#8221; global_colors_info=&#8221;{}&#8221;][et_pb_accordion_item title=&#8221;I am a former member. How can I renew my subscription?&#8221; open=&#8221;on&#8221; _builder_version=&#8221;4.27.4&#8243; _module_preset=&#8221;default&#8221; global_colors_info=&#8221;{}&#8221;]<\/p>\n<p>Please log in to your existing account (Members\/Login).<\/p>\n<p>You will see the message: &#8220;Your account has expired. Please make a new subscription payment to reactivate your account.&#8221;<\/p>\n<p>Click on &#8220;Subscription Payment&#8221; to proceed.<\/p>\n<p>[\/et_pb_accordion_item][et_pb_accordion_item title=&#8221;What payment options does Epoch accept?&#8221; _builder_version=&#8221;4.16&#8243; _module_preset=&#8221;default&#8221; global_colors_info=&#8221;{}&#8221; open=&#8221;off&#8221;]<\/p>\n<p>Epoch accepts all major credit and debit cards such as Visa, Master Card, Discover, JCB, Switch and Solo, Carte Bleu, Maestro, Visa Debit, Visa Electron, Master Card Debit, Delta, and Diners Club. Epoch also accept electronic checks, many other regional billing options and <span style=\"color: #3366ff;\">PayPal<\/span>.<\/p>\n<p>[\/et_pb_accordion_item][et_pb_accordion_item title=&#8221;Can I also pay by bank transfer?&#8221; _builder_version=&#8221;4.27.4&#8243; _module_preset=&#8221;default&#8221; global_colors_info=&#8221;{}&#8221; open=&#8221;off&#8221;]<\/p>\n<p>Yes, regular bank transfers (SEPA transfers IBAN\/BIC) are now possible. Just send us your existing or desired username.<br \/>Contact form: <a href=\"https:\/\/www.lustandpain.com\/cnt\/contact\/\" title=\"Contact\"><span style=\"color: #3366ff;\">Contact<\/span><\/a><\/p>\n<p>[\/et_pb_accordion_item][et_pb_accordion_item title=&#8221;Will the website I purchased appear on my statement?&#8221; _builder_version=&#8221;4.16&#8243; _module_preset=&#8221;default&#8221; global_colors_info=&#8221;{}&#8221; open=&#8221;off&#8221;]<\/p>\n<p>No, your statement will not show the name of the website. Epoch is the merchant that will appear on your statement.<\/p>\n<p>[\/et_pb_accordion_item][et_pb_accordion_item title=&#8221;How can I watch the videos?&#8221; _builder_version=&#8221;4.16&#8243; _module_preset=&#8221;default&#8221; global_colors_info=&#8221;{}&#8221; open=&#8221;off&#8221;]<\/p>\n<p>All clips are available for <span style=\"text-decoration: underline;\">streaming<\/span> in four versions: MP4 HD 1080p (1920\u00d71080), MP4 HD 720p (1280\u00d7720), MP4 960\u00d7540 and MP4 640\u00d7360.<\/p>\n<p>[\/et_pb_accordion_item][et_pb_accordion_item title=&#8221;How many clips can I watch?&#8221; _builder_version=&#8221;4.16&#8243; _module_preset=&#8221;default&#8221; global_colors_info=&#8221;{}&#8221; open=&#8221;off&#8221;]<\/p>\n<p>You pay once and get to stream as many clips as you want as long as your membership is active.<\/p>\n<p>[\/et_pb_accordion_item][\/et_pb_accordion][\/et_pb_column][\/et_pb_row][et_pb_row _builder_version=&#8221;4.27.4&#8243; _module_preset=&#8221;default&#8221; custom_padding=&#8221;0px||45px||false|false&#8221; locked=&#8221;off&#8221; global_colors_info=&#8221;{}&#8221;][et_pb_column type=&#8221;4_4&#8243; _builder_version=&#8221;4.16&#8243; _module_preset=&#8221;default&#8221; global_colors_info=&#8221;{}&#8221;][et_pb_image src=&#8221;https:\/\/www.lustandpain.com\/cnt\/wp-content\/uploads\/2025\/07\/de.png&#8221; title_text=&#8221;de&#8221; align=&#8221;right&#8221; _builder_version=&#8221;4.27.4&#8243; _module_preset=&#8221;default&#8221; width=&#8221;6%&#8221; locked=&#8221;off&#8221; global_colors_info=&#8221;{}&#8221;][\/et_pb_image][et_pb_accordion _builder_version=&#8221;4.27.4&#8243; _module_preset=&#8221;default&#8221; body_font_size=&#8221;16px&#8221; hover_enabled=&#8221;0&#8243; locked=&#8221;off&#8221; global_colors_info=&#8221;{}&#8221; sticky_enabled=&#8221;0&#8243;][et_pb_accordion_item title=&#8221;Ich habe bereits einen Account. Wie kann ich meine Mitgliedschaft erneuern?&#8221; open=&#8221;on&#8221; _builder_version=&#8221;4.27.4&#8243; _module_preset=&#8221;default&#8221; global_colors_info=&#8221;{}&#8221;]<\/p>\n<p>Bitte logge dich in dein bestehendes Konto ein (Members\/Login).<\/p>\n<p>Nun siehst du die Nachricht: \u201eYour account has expired. Please make a new subscription payment to reactivate your account.\u201c<\/p>\n<p>Klicke auf \u201eSubscription Payment\u201c, um fortzufahren.<\/p>\n<p>[\/et_pb_accordion_item][et_pb_accordion_item title=&#8221;Welche Zahlungsm\u00f6glichkeiten akzeptiert Epoch?&#8221; _builder_version=&#8221;4.27.4&#8243; _module_preset=&#8221;default&#8221; global_colors_info=&#8221;{}&#8221; open=&#8221;off&#8221;]<\/p>\n<p>Unser Zahlungsanbieter Epoch akzeptiert alle g\u00e4ngigen Kredit- und Debitkarten wie Visa, MasterCard, Discover, JCB, Switch und Solo, Carte Bleue, Maestro, Visa Debit, Visa Electron, MasterCard Debit, Delta und Diners Club. Au\u00dferdem akzeptiert Epoch elektronische Schecks, viele weitere regionale Zahlungsmethoden sowie <span style=\"color: #3366ff;\">PayPal<\/span>.<\/p>\n<p>[\/et_pb_accordion_item][et_pb_accordion_item title=&#8221;Kann ich auch per Bank\u00fcberweisung bezahlen?&#8221; _builder_version=&#8221;4.27.4&#8243; _module_preset=&#8221;default&#8221; global_colors_info=&#8221;{}&#8221; open=&#8221;off&#8221;]<\/p>\n<p>Ja, normale Bank\u00fcberweisungen (SEPA-\u00dcberweisungen mit IBAN\/BIC) sind jetzt m\u00f6glich. Sende uns einfach deinen bestehenden oder gew\u00fcnschten Benutzernamen.<br \/>Kontaktformular: <a href=\"https:\/\/www.lustandpain.com\/cnt\/contact\/\" title=\"Contact\"><span style=\"color: #3366ff;\">Contact<\/span><\/a><\/p>\n<p>[\/et_pb_accordion_item][et_pb_accordion_item title=&#8221;Wird der Name der Website auf meinem Kontoauszug erscheinen?&#8221; _builder_version=&#8221;4.27.4&#8243; _module_preset=&#8221;default&#8221; global_colors_info=&#8221;{}&#8221; open=&#8221;off&#8221;]<\/p>\n<p>Nein, auf deinem Kontoauszug wird der Name der Website nicht erscheinen. Stattdessen wird Epoch als Zahlungsanbieter aufgef\u00fchrt.<\/p>\n<p>[\/et_pb_accordion_item][et_pb_accordion_item title=&#8221;Wie kann ich die Videos ansehen?&#8221; _builder_version=&#8221;4.27.4&#8243; _module_preset=&#8221;default&#8221; global_colors_info=&#8221;{}&#8221; open=&#8221;off&#8221;]<\/p>\n<p>Alle Clips stehen zum <span style=\"text-decoration: underline;\">Streaming<\/span> in vier Versionen zur Verf\u00fcgung: MP4 HD 1080p (1920\u00d71080), MP4 HD 720p (1280\u00d7720), MP4 960\u00d7540 und MP4 640\u00d7360.<\/p>\n<p>[\/et_pb_accordion_item][et_pb_accordion_item title=&#8221;Wie viele Clips kann ich ansehen?&#8221; _builder_version=&#8221;4.27.4&#8243; _module_preset=&#8221;default&#8221; global_colors_info=&#8221;{}&#8221; open=&#8221;off&#8221;]<\/p>\n<p>Du zahlst einmal und kannst so viele Clips streamen, wie du m\u00f6chtest \u2013 solange deine Mitgliedschaft aktiv ist.<\/p>\n<p>[\/et_pb_accordion_item][et_pb_accordion_item title=&#8221;Ist das ein Abo-System?&#8221; _builder_version=&#8221;4.27.4&#8243; _module_preset=&#8221;default&#8221; global_colors_info=&#8221;{}&#8221; open=&#8221;off&#8221;]<\/p>\n<p>Nein, nach Ende der gew\u00e4hlten Laufzeit (30, 90 oder 180 Tage) l\u00e4uft das automatisch aus.<br \/>Wenn du wieder dabei sein m\u00f6chtest, musst du selbst aktiv werden.<\/p>\n<p>[\/et_pb_accordion_item][\/et_pb_accordion][\/et_pb_column][\/et_pb_row][\/et_pb_section]<\/p>\n","protected":false},"excerpt":{"rendered":"<p>Please log in to your existing account (Members\/Login). You will see the message: &#8220;Your account has expired. Please make a new subscription payment to reactivate your account.&#8221; Click on &#8220;Subscription Payment&#8221; to proceed.Epoch accepts all major credit and debit cards such as Visa, Master Card, Discover, JCB, Switch and Solo, Carte Bleu, Maestro, Visa Debit, [&hellip;]<\/p>\n","protected":false},"author":1,"featured_media":0,"parent":0,"menu_order":0,"comment_status":"closed","ping_status":"closed","template":"","meta":{"_et_pb_use_builder":"on","_et_pb_old_content":"","_et_gb_content_width":"","footnotes":""},"class_list":["post-1525","page","type-page","status-publish","hentry"],"_links":{"self":[{"href":"https:\/\/www.lustandpain.com\/cnt\/wp-json\/wp\/v2\/pages\/1525","targetHints":{"allow":["GET"]}}],"collection":[{"href":"https:\/\/www.lustandpain.com\/cnt\/wp-json\/wp\/v2\/pages"}],"about":[{"href":"https:\/\/www.lustandpain.com\/cnt\/wp-json\/wp\/v2\/types\/page"}],"author":[{"embeddable":true,"href":"https:\/\/www.lustandpain.com\/cnt\/wp-json\/wp\/v2\/users\/1"}],"replies":[{"embeddable":true,"href":"https:\/\/www.lustandpain.com\/cnt\/wp-json\/wp\/v2\/comments?post=1525"}],"version-history":[{"count":10,"href":"https:\/\/www.lustandpain.com\/cnt\/wp-json\/wp\/v2\/pages\/1525\/revisions"}],"predecessor-version":[{"id":24205,"href":"https:\/\/www.lustandpain.com\/cnt\/wp-json\/wp\/v2\/pages\/1525\/revisions\/24205"}],"wp:attachment":[{"href":"https:\/\/www.lustandpain.com\/cnt\/wp-json\/wp\/v2\/media?parent=1525"}],"curies":[{"name":"wp","href":"https:\/\/api.w.org\/{rel}","templated":true}]}}